{"id":24,"date":"2019-04-17T13:34:49","date_gmt":"2019-04-17T10:34:49","guid":{"rendered":"http:\/\/teskongre.org\/fm2019\/?page_id=24"},"modified":"2022-09-19T20:16:53","modified_gmt":"2022-09-19T20:16:53","slug":"bildiri-kitapcigi","status":"publish","type":"page","link":"http:\/\/teskongre.org\/fm2021\/bildiri-kitapcigi\/","title":{"rendered":"Bildiri Kitap\u00e7\u0131\u011f\u0131"},"content":{"rendered":"\n<p>3.Uluslararas\u0131 T\u00fcrk D\u00fcnyas\u0131 M\u00fchendislik ve Fen Bilimleri Kongresi&nbsp;bildiri kitap\u00e7\u0131\u011f\u0131n\u0131 <a href=\"https:\/\/drive.google.com\/file\/d\/1igZTR7HSyMfdxaY4pHR-XDwuftCdGkq9\/view?usp=sharing\">g\u00f6rmek ve indirmek i\u00e7in l\u00fctfen t\u0131klay\u0131n\u0131z<\/a><\/p>\n\n\n\n<p><\/p>\n\n\n\n<p>3.Uluslararas\u0131 T\u00fcrk D\u00fcnyas\u0131 M\u00fchendislik ve Fen Bilimleri Kongresi\u00a0\u00f6zet kitap\u00e7\u0131\u011f\u0131n\u0131 <a href=\"https:\/\/drive.google.com\/file\/d\/1A6VROKguSPxAOva2Vh903LuFNO4yrXyj\/view?usp=sharing\">g\u00f6rmek ve indirmek i\u00e7in l\u00fctfen t\u0131klay\u0131n\u0131z<\/a><\/p>\n\n\n\n<p><\/p>\n","protected":false},"excerpt":{"rendered":"<p>3.Uluslararas\u0131 T\u00fcrk D\u00fcnyas\u0131 M\u00fchendislik ve Fen Bilimleri Kongresi&nbsp;bildiri kitap\u00e7\u0131\u011f\u0131n\u0131 g\u00f6rmek ve indirmek i\u00e7in l\u00fctfen t\u0131klay\u0131n\u0131z 3.Uluslararas\u0131 T\u00fcrk D\u00fcnyas\u0131 M\u00fchendislik ve Fen Bilimleri Kongresi\u00a0\u00f6zet kitap\u00e7\u0131\u011f\u0131n\u0131 g\u00f6rmek ve indirmek i\u00e7in l\u00fctfen t\u0131klay\u0131n\u0131z<\/p>\n","protected":false},"author":1,"featured_media":0,"parent":0,"menu_order":0,"comment_status":"closed","ping_status":"closed","template":"","meta":{"footnotes":""},"class_list":["post-24","page","type-page","status-publish","hentry"],"_links":{"self":[{"href":"http:\/\/teskongre.org\/fm2021\/wp-json\/wp\/v2\/pages\/24","targetHints":{"allow":["GET"]}}],"collection":[{"href":"http:\/\/teskongre.org\/fm2021\/wp-json\/wp\/v2\/pages"}],"about":[{"href":"http:\/\/teskongre.org\/fm2021\/wp-json\/wp\/v2\/types\/page"}],"author":[{"embeddable":true,"href":"http:\/\/teskongre.org\/fm2021\/wp-json\/wp\/v2\/users\/1"}],"replies":[{"embeddable":true,"href":"http:\/\/teskongre.org\/fm2021\/wp-json\/wp\/v2\/comments?post=24"}],"version-history":[{"count":9,"href":"http:\/\/teskongre.org\/fm2021\/wp-json\/wp\/v2\/pages\/24\/revisions"}],"predecessor-version":[{"id":445,"href":"http:\/\/teskongre.org\/fm2021\/wp-json\/wp\/v2\/pages\/24\/revisions\/445"}],"wp:attachment":[{"href":"http:\/\/teskongre.org\/fm2021\/wp-json\/wp\/v2\/media?parent=24"}],"curies":[{"name":"wp","href":"https:\/\/api.w.org\/{rel}","templated":true}]}}