{"id":54,"date":"2019-04-17T13:37:29","date_gmt":"2019-04-17T10:37:29","guid":{"rendered":"http:\/\/teskongre.org\/fm2019\/?page_id=54"},"modified":"2019-04-29T15:42:43","modified_gmt":"2019-04-29T12:42:43","slug":"yazim-kurallari","status":"publish","type":"page","link":"http:\/\/teskongre.org\/fm2019\/index.php\/yazim-kurallari\/","title":{"rendered":"Yaz\u0131m Kurallar\u0131"},"content":{"rendered":"\n<p>2. Uluslararas\u0131 T\u00fcrk D\u00fcnyas\u0131 M\u00fchendislik ve Fen Bilimleri Kongresi yaz\u0131m kurallar\u0131n\u0131 g\u00f6rmek i\u00e7in ilgili linke t\u0131klay\u0131n\u0131z.<\/p>\n<p><a href=\"http:\/\/teskongre.org\/fm2019\/wp-content\/uploads\/2019\/04\/tu\u0308rkc\u0327e-BI\u0307LDI\u0307RI\u0307.docx\">Tu\u0308rkc\u0327e<\/a><\/p>\n<p><a href=\"http:\/\/teskongre.org\/fm2019\/wp-content\/uploads\/2019\/04\/ingilizce-BI\u0307LDI\u0307RI\u0307.docx\">English<\/a><\/p>\n","protected":false},"excerpt":{"rendered":"<p>2. Uluslararas\u0131 T\u00fcrk D\u00fcnyas\u0131 M\u00fchendislik ve Fen Bilimleri Kongresi yaz\u0131m kurallar\u0131n\u0131 g\u00f6rmek i\u00e7in ilgili linke t\u0131klay\u0131n\u0131z. Tu\u0308rkc\u0327e English<\/p>\n","protected":false},"author":1,"featured_media":0,"parent":0,"menu_order":0,"comment_status":"closed","ping_status":"closed","template":"","meta":[],"_links":{"self":[{"href":"http:\/\/teskongre.org\/fm2019\/index.php\/wp-json\/wp\/v2\/pages\/54"}],"collection":[{"href":"http:\/\/teskongre.org\/fm2019\/index.php\/wp-json\/wp\/v2\/pages"}],"about":[{"href":"http:\/\/teskongre.org\/fm2019\/index.php\/wp-json\/wp\/v2\/types\/page"}],"author":[{"embeddable":true,"href":"http:\/\/teskongre.org\/fm2019\/index.php\/wp-json\/wp\/v2\/users\/1"}],"replies":[{"embeddable":true,"href":"http:\/\/teskongre.org\/fm2019\/index.php\/wp-json\/wp\/v2\/comments?post=54"}],"version-history":[{"count":4,"href":"http:\/\/teskongre.org\/fm2019\/index.php\/wp-json\/wp\/v2\/pages\/54\/revisions"}],"predecessor-version":[{"id":154,"href":"http:\/\/teskongre.org\/fm2019\/index.php\/wp-json\/wp\/v2\/pages\/54\/revisions\/154"}],"wp:attachment":[{"href":"http:\/\/teskongre.org\/fm2019\/index.php\/wp-json\/wp\/v2\/media?parent=54"}],"curies":[{"name":"wp","href":"https:\/\/api.w.org\/{rel}","templated":true}]}}