{"id":44,"date":"2019-04-17T13:36:42","date_gmt":"2019-04-17T10:36:42","guid":{"rendered":"http:\/\/teskongre.org\/fm2019\/?page_id=44"},"modified":"2019-07-01T14:51:46","modified_gmt":"2019-07-01T11:51:46","slug":"onemli-tarihler","status":"publish","type":"page","link":"http:\/\/teskongre.org\/fm2019\/index.php\/onemli-tarihler\/","title":{"rendered":"\u00d6nemli Tarihler"},"content":{"rendered":"\n<p>\u00d6zet G\u00f6nderme: 15 Nisan \u2013 1 Eyl\u00fcl 2019<\/p>\n\n\n\n<p>(Abstract Submission: 15 April \u2013 1 September 2019)<\/p>\n\n\n\n<p>\u00d6zet De\u011ferlendirmelerinin Yazarlara Bildirilmesi: 8 Temmuz\n2019 <\/p>\n\n\n\n<p>(Abstract Notification: 8 July 2019)<\/p>\n\n\n\n<p>Tam Metinlerin G\u00f6nderilmesi: 9 Temmuz \u2013 30 Eyl\u00fcl 2019<\/p>\n\n\n\n<p>(Full Paper Submission: 9 July \u2013 30 September 2019 )<\/p>\n\n\n\n<p>Tam Metin De\u011ferlendirmelerinin Yazarlara G\u00f6nderilmesi: 15\nEkim 2019<\/p>\n\n\n\n<p>(Full Paper Notification: 15 October 2019)<\/p>\n\n\n\n<p>D\u00fczeltilmi\u015f Tam Metinlerin G\u00f6nderilmesi: 21 Ekim 2019 <\/p>\n\n\n\n<p>(REviewed Full Paper Submission: 21 October 2019)<\/p>\n","protected":false},"excerpt":{"rendered":"<p>\u00d6zet G\u00f6nderme: 15 Nisan \u2013 1 Eyl\u00fcl 2019 (Abstract Submission: 15 April \u2013 1 September 2019) \u00d6zet De\u011ferlendirmelerinin Yazarlara Bildirilmesi: 8 Temmuz 2019 (Abstract Notification: 8 July 2019) Tam Metinlerin G\u00f6nderilmesi: 9 Temmuz \u2013 30 Eyl\u00fcl 2019 (Full Paper Submission: 9 July \u2013 30 September 2019 ) Tam Metin De\u011ferlendirmelerinin Yazarlara G\u00f6nderilmesi: 15 Ekim 2019\u2026 <span class=\"read-more\"><a href=\"http:\/\/teskongre.org\/fm2019\/index.php\/onemli-tarihler\/\">Read More &raquo;<\/a><\/span><\/p>\n","protected":false},"author":1,"featured_media":0,"parent":0,"menu_order":0,"comment_status":"closed","ping_status":"closed","template":"","meta":[],"_links":{"self":[{"href":"http:\/\/teskongre.org\/fm2019\/index.php\/wp-json\/wp\/v2\/pages\/44"}],"collection":[{"href":"http:\/\/teskongre.org\/fm2019\/index.php\/wp-json\/wp\/v2\/pages"}],"about":[{"href":"http:\/\/teskongre.org\/fm2019\/index.php\/wp-json\/wp\/v2\/types\/page"}],"author":[{"embeddable":true,"href":"http:\/\/teskongre.org\/fm2019\/index.php\/wp-json\/wp\/v2\/users\/1"}],"replies":[{"embeddable":true,"href":"http:\/\/teskongre.org\/fm2019\/index.php\/wp-json\/wp\/v2\/comments?post=44"}],"version-history":[{"count":3,"href":"http:\/\/teskongre.org\/fm2019\/index.php\/wp-json\/wp\/v2\/pages\/44\/revisions"}],"predecessor-version":[{"id":214,"href":"http:\/\/teskongre.org\/fm2019\/index.php\/wp-json\/wp\/v2\/pages\/44\/revisions\/214"}],"wp:attachment":[{"href":"http:\/\/teskongre.org\/fm2019\/index.php\/wp-json\/wp\/v2\/media?parent=44"}],"curies":[{"name":"wp","href":"https:\/\/api.w.org\/{rel}","templated":true}]}}