{"id":42,"date":"2019-04-17T13:36:31","date_gmt":"2019-04-17T10:36:31","guid":{"rendered":"http:\/\/teskongre.org\/fm2019\/?page_id=42"},"modified":"2019-04-20T11:59:00","modified_gmt":"2019-04-20T08:59:00","slug":"koordinatorler","status":"publish","type":"page","link":"http:\/\/teskongre.org\/fm2019\/index.php\/koordinatorler\/","title":{"rendered":"Koordinat\u00f6rler"},"content":{"rendered":"\n<p>Metin \u0130SKENDERO\u011eLU Karadeniz Teknik\n\u00dcniversitesi <\/p>\n\n\n\n<p>Mehmet G\u00dcLS\u00dcN Gazi \u00dcniversitesi <\/p>\n\n\n\n<p>M. Serkan YILDIRIM Gazi\n\u00dcniversitesi <\/p>\n\n\n\n<p>Onur ALTUNTA\u015e Gazi \u00dcniversitesi <\/p>\n\n\n\n<p>Ramazan \u00c7AKIRO\u011eLU Gazi \u00dcniversitesi\n<\/p>\n","protected":false},"excerpt":{"rendered":"<p>Metin \u0130SKENDERO\u011eLU Karadeniz Teknik \u00dcniversitesi Mehmet G\u00dcLS\u00dcN Gazi \u00dcniversitesi M. Serkan YILDIRIM Gazi \u00dcniversitesi Onur ALTUNTA\u015e Gazi \u00dcniversitesi Ramazan \u00c7AKIRO\u011eLU Gazi \u00dcniversitesi<\/p>\n","protected":false},"author":1,"featured_media":0,"parent":0,"menu_order":0,"comment_status":"closed","ping_status":"closed","template":"","meta":[],"_links":{"self":[{"href":"http:\/\/teskongre.org\/fm2019\/index.php\/wp-json\/wp\/v2\/pages\/42"}],"collection":[{"href":"http:\/\/teskongre.org\/fm2019\/index.php\/wp-json\/wp\/v2\/pages"}],"about":[{"href":"http:\/\/teskongre.org\/fm2019\/index.php\/wp-json\/wp\/v2\/types\/page"}],"author":[{"embeddable":true,"href":"http:\/\/teskongre.org\/fm2019\/index.php\/wp-json\/wp\/v2\/users\/1"}],"replies":[{"embeddable":true,"href":"http:\/\/teskongre.org\/fm2019\/index.php\/wp-json\/wp\/v2\/comments?post=42"}],"version-history":[{"count":2,"href":"http:\/\/teskongre.org\/fm2019\/index.php\/wp-json\/wp\/v2\/pages\/42\/revisions"}],"predecessor-version":[{"id":127,"href":"http:\/\/teskongre.org\/fm2019\/index.php\/wp-json\/wp\/v2\/pages\/42\/revisions\/127"}],"wp:attachment":[{"href":"http:\/\/teskongre.org\/fm2019\/index.php\/wp-json\/wp\/v2\/media?parent=42"}],"curies":[{"name":"wp","href":"https:\/\/api.w.org\/{rel}","templated":true}]}}