{"id":38,"date":"2019-04-17T13:36:11","date_gmt":"2019-04-17T10:36:11","guid":{"rendered":"http:\/\/teskongre.org\/fm2019\/?page_id=38"},"modified":"2019-11-02T23:14:03","modified_gmt":"2019-11-02T20:14:03","slug":"kongre-programi","status":"publish","type":"page","link":"http:\/\/teskongre.org\/fm2019\/index.php\/kongre-programi\/","title":{"rendered":"Kongre Program\u0131"},"content":{"rendered":"\n<p>Kongre program\u0131n\u0131 g\u00f6rmek i\u00e7in <a href=\"https:\/\/drive.google.com\/file\/d\/1hkSfiBwb4Cbvr3yz4874ncLRY9EH6jZf\/view?usp=sharing\">t\u0131klay\u0131n\u0131z<\/a><\/p>\n\n\n\n<p>7 Kas\u0131m 2019 Per\u015fembe<\/p>\n\n\n\n<p>14:00 Otele Giri\u015f \u0130\u015flemleri<br>\nKongre Kay\u0131t \u0130\u015flemleri<\/p>\n\n\n\n<p>8 Kas\u0131m 2019 Cuma<\/p>\n\n\n\n<p>Kongrenin icras\u0131<\/p>\n\n\n\n<p>9 Kas\u0131m 2019 Cumartesi<\/p>\n\n\n\n<p>Kongrenin icras\u0131 ve sonu\u00e7land\u0131r\u0131lmas\u0131<\/p>\n\n\n\n<p>10 Kas\u0131m 2019 Pazar<\/p>\n\n\n\n<p>12:00 Kat\u0131l\u0131mc\u0131lar\u0131n Otelden ayr\u0131lmas\u0131<\/p>\n","protected":false},"excerpt":{"rendered":"<p>Kongre program\u0131n\u0131 g\u00f6rmek i\u00e7in t\u0131klay\u0131n\u0131z 7 Kas\u0131m 2019 Per\u015fembe 14:00 Otele Giri\u015f \u0130\u015flemleri Kongre Kay\u0131t \u0130\u015flemleri 8 Kas\u0131m 2019 Cuma Kongrenin icras\u0131 9 Kas\u0131m 2019 Cumartesi Kongrenin icras\u0131 ve sonu\u00e7land\u0131r\u0131lmas\u0131 10 Kas\u0131m 2019 Pazar 12:00 Kat\u0131l\u0131mc\u0131lar\u0131n Otelden ayr\u0131lmas\u0131<\/p>\n","protected":false},"author":1,"featured_media":0,"parent":0,"menu_order":0,"comment_status":"closed","ping_status":"closed","template":"","meta":[],"_links":{"self":[{"href":"http:\/\/teskongre.org\/fm2019\/index.php\/wp-json\/wp\/v2\/pages\/38"}],"collection":[{"href":"http:\/\/teskongre.org\/fm2019\/index.php\/wp-json\/wp\/v2\/pages"}],"about":[{"href":"http:\/\/teskongre.org\/fm2019\/index.php\/wp-json\/wp\/v2\/types\/page"}],"author":[{"embeddable":true,"href":"http:\/\/teskongre.org\/fm2019\/index.php\/wp-json\/wp\/v2\/users\/1"}],"replies":[{"embeddable":true,"href":"http:\/\/teskongre.org\/fm2019\/index.php\/wp-json\/wp\/v2\/comments?post=38"}],"version-history":[{"count":4,"href":"http:\/\/teskongre.org\/fm2019\/index.php\/wp-json\/wp\/v2\/pages\/38\/revisions"}],"predecessor-version":[{"id":269,"href":"http:\/\/teskongre.org\/fm2019\/index.php\/wp-json\/wp\/v2\/pages\/38\/revisions\/269"}],"wp:attachment":[{"href":"http:\/\/teskongre.org\/fm2019\/index.php\/wp-json\/wp\/v2\/media?parent=38"}],"curies":[{"name":"wp","href":"https:\/\/api.w.org\/{rel}","templated":true}]}}