{"id":34,"date":"2019-04-17T13:35:51","date_gmt":"2019-04-17T10:35:51","guid":{"rendered":"http:\/\/teskongre.org\/fm2019\/?page_id=34"},"modified":"2019-08-21T00:53:01","modified_gmt":"2019-08-20T21:53:01","slug":"katilim-katilim-ucreti","status":"publish","type":"page","link":"http:\/\/teskongre.org\/fm2019\/index.php\/katilim-katilim-ucreti\/","title":{"rendered":"Kat\u0131l\u0131m &#8211; Kat\u0131l\u0131m \u00dccreti"},"content":{"rendered":"\n<p> Kongre, kat\u0131lmak isteyen <strong>T\u00fcrk E\u011fitim-Sen ve UAESEB<\/strong> \u00fcyesi olan herkese a\u00e7\u0131kt\u0131r. Kongre\u2019de bizzat bildiri sunan kat\u0131l\u0131mc\u0131lara bildirilerini sunduklar\u0131na dair bir belge verilecektir. Kongre bildirilerinin \u201c<strong>Kongre Kitab\u0131nda<\/strong>\u201d yer almas\u0131 i\u00e7in; kongre kay\u0131t i\u015flemlerinin tamamlanm\u0131\u015f olmas\u0131 ve bildirinin kongrede sunulmu\u015f olmas\u0131 gerekmektedir. <\/p>\n\n\n\n<p><\/p>\n\n\n\n<p><strong>T\u00fcrk E\u011fitim-Sen ve UAESEB \u00fcyesi<\/strong> olan, kongreye kat\u0131lmak isteyen kat\u0131l\u0131mc\u0131lardan sembolik olarak 200 TL ;<strong>\u00fcye olmayanlardan<\/strong> 3200 TL kat\u0131l\u0131m \u00fccreti al\u0131nacakt\u0131r. Payla\u015f\u0131ml\u0131 odalarda <strong>7-8-9 Kas\u0131m 2019 <\/strong>tarihlerini i\u00e7eren \u00fc\u00e7 gece konaklama, ikramlar ve havaalan\u0131ndan otele, otelden hava alan\u0131na transferler gibi b\u00fct\u00fcn kongre giderleri T\u00fcrk E\u011fitim-Sen taraf\u0131ndan kar\u015f\u0131lanacak; kat\u0131l\u0131mc\u0131lardan al\u0131nan s\u00f6z konusu sembolik \u00fccret d\u0131\u015f\u0131nda hi\u00e7bir \u00fccret talep edilmeyecektir. <\/p>\n\n\n\n<ul><li>Kongre \u00fccretini yat\u0131raca\u011f\u0131n\u0131z hesap numaras\u0131<br>\nBora ALAKAVUK<br>\nZiraat Bankas\u0131 G\u00fcll\u00fck\/Antalya \u015eubesi<br>\n2575-70173677-5009<br>\nIBAN NO:TR 3300 0100 2575 7017 3677 5009<br>\nL\u00fctfen A\u00e7\u0131klama K\u0131sm\u0131na Tes Kongre Bildiri ID numaran\u0131z\u0131 yaz\u0131n\u0131z<\/li><\/ul>\n","protected":false},"excerpt":{"rendered":"<p>Kongre, kat\u0131lmak isteyen T\u00fcrk E\u011fitim-Sen ve UAESEB \u00fcyesi olan herkese a\u00e7\u0131kt\u0131r. Kongre\u2019de bizzat bildiri sunan kat\u0131l\u0131mc\u0131lara bildirilerini sunduklar\u0131na dair bir belge verilecektir. Kongre bildirilerinin \u201cKongre Kitab\u0131nda\u201d yer almas\u0131 i\u00e7in; kongre kay\u0131t i\u015flemlerinin tamamlanm\u0131\u015f olmas\u0131 ve bildirinin kongrede sunulmu\u015f olmas\u0131 gerekmektedir. T\u00fcrk E\u011fitim-Sen ve UAESEB \u00fcyesi olan, kongreye kat\u0131lmak isteyen kat\u0131l\u0131mc\u0131lardan sembolik olarak 200 TL ;\u00fcye\u2026 <span class=\"read-more\"><a href=\"http:\/\/teskongre.org\/fm2019\/index.php\/katilim-katilim-ucreti\/\">Read More &raquo;<\/a><\/span><\/p>\n","protected":false},"author":1,"featured_media":0,"parent":0,"menu_order":0,"comment_status":"closed","ping_status":"closed","template":"","meta":[],"_links":{"self":[{"href":"http:\/\/teskongre.org\/fm2019\/index.php\/wp-json\/wp\/v2\/pages\/34"}],"collection":[{"href":"http:\/\/teskongre.org\/fm2019\/index.php\/wp-json\/wp\/v2\/pages"}],"about":[{"href":"http:\/\/teskongre.org\/fm2019\/index.php\/wp-json\/wp\/v2\/types\/page"}],"author":[{"embeddable":true,"href":"http:\/\/teskongre.org\/fm2019\/index.php\/wp-json\/wp\/v2\/users\/1"}],"replies":[{"embeddable":true,"href":"http:\/\/teskongre.org\/fm2019\/index.php\/wp-json\/wp\/v2\/comments?post=34"}],"version-history":[{"count":6,"href":"http:\/\/teskongre.org\/fm2019\/index.php\/wp-json\/wp\/v2\/pages\/34\/revisions"}],"predecessor-version":[{"id":229,"href":"http:\/\/teskongre.org\/fm2019\/index.php\/wp-json\/wp\/v2\/pages\/34\/revisions\/229"}],"wp:attachment":[{"href":"http:\/\/teskongre.org\/fm2019\/index.php\/wp-json\/wp\/v2\/media?parent=34"}],"curies":[{"name":"wp","href":"https:\/\/api.w.org\/{rel}","templated":true}]}}