{"id":24,"date":"2019-04-17T13:34:49","date_gmt":"2019-04-17T10:34:49","guid":{"rendered":"http:\/\/teskongre.org\/fm2019\/?page_id=24"},"modified":"2021-10-01T22:35:16","modified_gmt":"2021-10-01T19:35:16","slug":"bildiri-kitapcigi","status":"publish","type":"page","link":"http:\/\/teskongre.org\/fm2019\/index.php\/bildiri-kitapcigi\/","title":{"rendered":"Bildiri Kitap\u00e7\u0131\u011f\u0131"},"content":{"rendered":"\n<p>1. Cilt\u00a0 FEN B\u0130L\u0130MLER\u0130 <a href=\"https:\/\/drive.google.com\/file\/d\/1VcZaIW10NIMP7pgw6Wp-Lzz-4mYxxsdt\/view?usp=sharing\">\u0130ndirmek ve G\u00f6rmek \u0130\u00e7in T\u0131klay\u0131n\u0131z<\/a><br \/>-Fizik<br \/>-Kimya<br \/>-Biyoloji <br \/>-Matematik<br \/>-\u0130statistik<\/p>\n<p>2. Cilt\u00a0 M\u00dcHEND\u0130SL\u0130K ALANLARI <a href=\"https:\/\/drive.google.com\/file\/d\/1LYiY4JTGMmtDx0cjzJdrhFQchvgJaTk2\/view?usp=sharing\">\u0130ndirmek ve G\u00f6rmek \u0130\u00e7in T\u0131klay\u0131n\u0131z<\/a><br \/>-Bilgisayar ve Bili\u015fim<br \/>-Elektrik Elektronik M\u00fchendisli\u011fi<br \/>-Metal\u00fcrji-Malzeme M\u00fchendisli\u011fi<br \/>-End\u00fcstri M\u00fchendisli\u011fi<\/p>\n<p>3. Cilt M\u00dcHEND\u0130SL\u0130K ALANLARI <a href=\"https:\/\/drive.google.com\/file\/d\/159XxUZTHyuOmFulLgES2edbMv7J41XMx\/view?usp=sharing\">\u0130ndirmek ve G\u00f6rmek \u0130\u00e7in T\u0131klay\u0131n\u0131z<\/a><br \/>-\u0130n\u015faat M\u00fchendisli\u011fi<br \/>-Makina M\u00fchendisli\u011fi<br \/>-Jeoloji-Jeofizik-Jeodezi M\u00fchendisli\u011fi<br \/>-Mimarl\u0131k<br \/>-Orman ve A\u011fa\u00e7 \u0130\u015fleri End\u00fcstri M\u00fchendisli\u011fi<\/p>\n<p>4. Cilt M\u00dcHEND\u0130SL\u0130K ALANLARI <a href=\"https:\/\/drive.google.com\/file\/d\/1TNiAn8Nivbpx91nl6DnAQH8KZuiJvuKR\/view?usp=sharing\">\u0130ndirmek ve G\u00f6rmek \u0130\u00e7in T\u0131klay\u0131n\u0131z<\/a><br \/>-Ziraat M\u00fchendisli\u011fi<br \/>-G\u0131da M\u00fchendisli\u011fi<br \/>-Veterinerlik<br \/>-vd&#8230;<\/p>\n<p>5.Cilt \u00d6zet Kitap\u00e7\u0131k <a href=\"https:\/\/drive.google.com\/file\/d\/1DY25HzeapmCmEGHvs2iy8VXNQc_AATjn\/view?usp=sharing\">\u0130ndirmek ve G\u00f6rmek \u0130\u00e7in T\u0131klay\u0131n\u0131z<\/a><\/p>\n","protected":false},"excerpt":{"rendered":"<p>1. Cilt\u00a0 FEN B\u0130L\u0130MLER\u0130 \u0130ndirmek ve G\u00f6rmek \u0130\u00e7in T\u0131klay\u0131n\u0131z-Fizik-Kimya-Biyoloji -Matematik-\u0130statistik 2. Cilt\u00a0 M\u00dcHEND\u0130SL\u0130K ALANLARI \u0130ndirmek ve G\u00f6rmek \u0130\u00e7in T\u0131klay\u0131n\u0131z-Bilgisayar ve Bili\u015fim-Elektrik Elektronik M\u00fchendisli\u011fi-Metal\u00fcrji-Malzeme M\u00fchendisli\u011fi-End\u00fcstri M\u00fchendisli\u011fi 3. Cilt M\u00dcHEND\u0130SL\u0130K ALANLARI \u0130ndirmek ve G\u00f6rmek \u0130\u00e7in T\u0131klay\u0131n\u0131z-\u0130n\u015faat M\u00fchendisli\u011fi-Makina M\u00fchendisli\u011fi-Jeoloji-Jeofizik-Jeodezi M\u00fchendisli\u011fi-Mimarl\u0131k-Orman ve A\u011fa\u00e7 \u0130\u015fleri End\u00fcstri M\u00fchendisli\u011fi 4. Cilt M\u00dcHEND\u0130SL\u0130K ALANLARI \u0130ndirmek ve G\u00f6rmek \u0130\u00e7in T\u0131klay\u0131n\u0131z-Ziraat M\u00fchendisli\u011fi-G\u0131da M\u00fchendisli\u011fi-Veterinerlik-vd&#8230; 5.Cilt \u00d6zet\u2026 <span class=\"read-more\"><a href=\"http:\/\/teskongre.org\/fm2019\/index.php\/bildiri-kitapcigi\/\">Read More &raquo;<\/a><\/span><\/p>\n","protected":false},"author":1,"featured_media":0,"parent":0,"menu_order":0,"comment_status":"closed","ping_status":"closed","template":"","meta":[],"_links":{"self":[{"href":"http:\/\/teskongre.org\/fm2019\/index.php\/wp-json\/wp\/v2\/pages\/24"}],"collection":[{"href":"http:\/\/teskongre.org\/fm2019\/index.php\/wp-json\/wp\/v2\/pages"}],"about":[{"href":"http:\/\/teskongre.org\/fm2019\/index.php\/wp-json\/wp\/v2\/types\/page"}],"author":[{"embeddable":true,"href":"http:\/\/teskongre.org\/fm2019\/index.php\/wp-json\/wp\/v2\/users\/1"}],"replies":[{"embeddable":true,"href":"http:\/\/teskongre.org\/fm2019\/index.php\/wp-json\/wp\/v2\/comments?post=24"}],"version-history":[{"count":15,"href":"http:\/\/teskongre.org\/fm2019\/index.php\/wp-json\/wp\/v2\/pages\/24\/revisions"}],"predecessor-version":[{"id":297,"href":"http:\/\/teskongre.org\/fm2019\/index.php\/wp-json\/wp\/v2\/pages\/24\/revisions\/297"}],"wp:attachment":[{"href":"http:\/\/teskongre.org\/fm2019\/index.php\/wp-json\/wp\/v2\/media?parent=24"}],"curies":[{"name":"wp","href":"https:\/\/api.w.org\/{rel}","templated":true}]}}