{"id":236,"date":"2019-09-16T22:28:50","date_gmt":"2019-09-16T19:28:50","guid":{"rendered":"http:\/\/teskongre.org\/fm2019\/?page_id=236"},"modified":"2019-10-17T15:21:10","modified_gmt":"2019-10-17T12:21:10","slug":"cagrili-konusmacilar","status":"publish","type":"page","link":"http:\/\/teskongre.org\/fm2019\/index.php\/cagrili-konusmacilar\/","title":{"rendered":"\u00c7a\u011fr\u0131l\u0131 Konu\u015fmac\u0131lar"},"content":{"rendered":"\n<p><img loading=\"lazy\" class=\"alignnone size-medium wp-image-262\" src=\"http:\/\/teskongre.org\/fm2019\/wp-content\/uploads\/2019\/10\/ovali-300x168.jpg\" alt=\"\" width=\"300\" height=\"168\" srcset=\"http:\/\/teskongre.org\/fm2019\/wp-content\/uploads\/2019\/10\/ovali-300x168.jpg 300w, http:\/\/teskongre.org\/fm2019\/wp-content\/uploads\/2019\/10\/ovali-660x370.jpg 660w, http:\/\/teskongre.org\/fm2019\/wp-content\/uploads\/2019\/10\/ovali.jpg 731w\" sizes=\"(max-width: 300px) 100vw, 300px\" \/><\/p>\n<p><strong>Prof.Dr. Erc\u00fcment OVALI<\/strong><\/p>\n<p><strong>Ac\u0131badem LabCell H\u00fccre ve Gen Tedavi Lab. Direkt\u00f6r\u00fc<\/strong><\/p>\n<p><strong>Ac\u0131badem Altunizade Has. H\u00fccresel Tedaviler Klini\u011fi Direkt\u00f6r\u00fc<\/strong><\/p>\n<p><strong>Konu: <\/strong>H\u00fccre ve Gen Tedavilerinde T\u00fcrkiye&#8217;nin Yeri<\/p>\n<p><img loading=\"lazy\" class=\"alignnone size-medium wp-image-260\" src=\"http:\/\/teskongre.org\/fm2019\/wp-content\/uploads\/2019\/10\/h_gulsoy-300x279.jpg\" alt=\"\" width=\"300\" height=\"279\" srcset=\"http:\/\/teskongre.org\/fm2019\/wp-content\/uploads\/2019\/10\/h_gulsoy-300x279.jpg 300w, http:\/\/teskongre.org\/fm2019\/wp-content\/uploads\/2019\/10\/h_gulsoy.jpg 407w\" sizes=\"(max-width: 300px) 100vw, 300px\" \/><\/p>\n<p><strong>Prof. Dr. H. \u00d6zkan G\u00dcLSOY<\/strong><\/p>\n<p><strong>(Marmara \u00dcniversitesi Teknoloji Fak\u00fcltesi \u00d6\u011fretim \u00dcyesi)<\/strong><\/p>\n<p><strong>Konu: <\/strong>Eklemeli \u0130malat Teknolojileri ve Uygulamalar\u0131<\/p>\n<p><img loading=\"lazy\" class=\"alignnone size-medium wp-image-261\" src=\"http:\/\/teskongre.org\/fm2019\/wp-content\/uploads\/2019\/10\/b_yalcin-247x300.jpg\" alt=\"\" width=\"247\" height=\"300\" srcset=\"http:\/\/teskongre.org\/fm2019\/wp-content\/uploads\/2019\/10\/b_yalcin-247x300.jpg 247w, http:\/\/teskongre.org\/fm2019\/wp-content\/uploads\/2019\/10\/b_yalcin.jpg 347w\" sizes=\"(max-width: 247px) 100vw, 247px\" \/><\/p>\n<p><strong>Prof. Dr. Bahattin YAL\u00c7IN<\/strong><\/p>\n<p><strong>(Marmara \u00dcniversitesi Fen \u2013 Edebiyat Fak\u00fcltesi \u00d6\u011fretim \u00dcyesi\/ T\u00fcrkiye Kimya Derne\u011fi Y\u00f6netim Kurulu Ba\u015fkan\u0131)<\/strong><\/p>\n<p><strong>Konu: <\/strong>Marmara Denizi Kimyas\u0131<\/p>\n<p><img loading=\"lazy\" class=\"alignnone size-medium wp-image-247\" src=\"http:\/\/teskongre.org\/fm2019\/wp-content\/uploads\/2019\/09\/r_hoca-300x138.png\" alt=\"\" width=\"300\" height=\"138\" srcset=\"http:\/\/teskongre.org\/fm2019\/wp-content\/uploads\/2019\/09\/r_hoca-300x138.png 300w, http:\/\/teskongre.org\/fm2019\/wp-content\/uploads\/2019\/09\/r_hoca-660x303.png 660w, http:\/\/teskongre.org\/fm2019\/wp-content\/uploads\/2019\/09\/r_hoca.png 763w\" sizes=\"(max-width: 300px) 100vw, 300px\" \/><\/p>\n<p><strong>Prof. Dr. Recai CO\u015eKUN<\/strong><\/p>\n<p><strong>(\u0130zmir Bak\u0131r\u00e7ay \u00dcniversitesi \u0130ktisadi ve idari Bilimler Fak\u00fcltesi Dekan\u0131)<\/strong><\/p>\n<p><strong>Konu: <\/strong>T\u00fcrk Bilim D\u00fc\u015f\u00fcncesinin Geli\u015fimi ve G\u00fcn\u00fcm\u00fcze Yans\u0131malar\u0131<\/p>\n<p><img loading=\"lazy\" class=\"alignnone size-medium wp-image-253\" src=\"http:\/\/teskongre.org\/fm2019\/wp-content\/uploads\/2019\/10\/a_gencer-256x300.png\" alt=\"\" width=\"256\" height=\"300\" srcset=\"http:\/\/teskongre.org\/fm2019\/wp-content\/uploads\/2019\/10\/a_gencer-256x300.png 256w, http:\/\/teskongre.org\/fm2019\/wp-content\/uploads\/2019\/10\/a_gencer.png 265w\" sizes=\"(max-width: 256px) 100vw, 256px\" \/><\/p>\n<p><strong>Prof. Dr. Ali GEN\u00c7ER<\/strong><\/p>\n<p><strong>(Ankara \u00dcniversitesi Fen Fak\u00fcltesi \u00d6\u011fretim \u00dcyesi)<\/strong><\/p>\n<p><strong>Konu: <\/strong>Bilim ve Teknolojideki Geli\u015fmeler, S\u00fcrd\u00fcr\u00fclebilir Kalk\u0131nma ve G\u00fc\u00e7l\u00fc Ar-Ge Gerek\u00e7eleri<\/p>\n<p>\u00a0<\/p>\n","protected":false},"excerpt":{"rendered":"<p>Prof.Dr. Erc\u00fcment OVALI Ac\u0131badem LabCell H\u00fccre ve Gen Tedavi Lab. Direkt\u00f6r\u00fc Ac\u0131badem Altunizade Has. H\u00fccresel Tedaviler Klini\u011fi Direkt\u00f6r\u00fc Konu: H\u00fccre ve Gen Tedavilerinde T\u00fcrkiye&#8217;nin Yeri Prof. Dr. H. \u00d6zkan G\u00dcLSOY (Marmara \u00dcniversitesi Teknoloji Fak\u00fcltesi \u00d6\u011fretim \u00dcyesi) Konu: Eklemeli \u0130malat Teknolojileri ve Uygulamalar\u0131 Prof. Dr. Bahattin YAL\u00c7IN (Marmara \u00dcniversitesi Fen \u2013 Edebiyat Fak\u00fcltesi \u00d6\u011fretim \u00dcyesi\/ T\u00fcrkiye\u2026 <span class=\"read-more\"><a href=\"http:\/\/teskongre.org\/fm2019\/index.php\/cagrili-konusmacilar\/\">Read More &raquo;<\/a><\/span><\/p>\n","protected":false},"author":1,"featured_media":0,"parent":0,"menu_order":0,"comment_status":"closed","ping_status":"closed","template":"","meta":[],"_links":{"self":[{"href":"http:\/\/teskongre.org\/fm2019\/index.php\/wp-json\/wp\/v2\/pages\/236"}],"collection":[{"href":"http:\/\/teskongre.org\/fm2019\/index.php\/wp-json\/wp\/v2\/pages"}],"about":[{"href":"http:\/\/teskongre.org\/fm2019\/index.php\/wp-json\/wp\/v2\/types\/page"}],"author":[{"embeddable":true,"href":"http:\/\/teskongre.org\/fm2019\/index.php\/wp-json\/wp\/v2\/users\/1"}],"replies":[{"embeddable":true,"href":"http:\/\/teskongre.org\/fm2019\/index.php\/wp-json\/wp\/v2\/comments?post=236"}],"version-history":[{"count":5,"href":"http:\/\/teskongre.org\/fm2019\/index.php\/wp-json\/wp\/v2\/pages\/236\/revisions"}],"predecessor-version":[{"id":263,"href":"http:\/\/teskongre.org\/fm2019\/index.php\/wp-json\/wp\/v2\/pages\/236\/revisions\/263"}],"wp:attachment":[{"href":"http:\/\/teskongre.org\/fm2019\/index.php\/wp-json\/wp\/v2\/media?parent=236"}],"curies":[{"name":"wp","href":"https:\/\/api.w.org\/{rel}","templated":true}]}}