{"id":6,"date":"2019-04-17T13:00:21","date_gmt":"2019-04-17T10:00:21","guid":{"rendered":"http:\/\/teskongre.org\/fm2019\/?page_id=2"},"modified":"2023-03-27T21:06:51","modified_gmt":"2023-03-27T21:06:51","slug":"ornek-sayfa","status":"publish","type":"page","link":"http:\/\/teskongre.org\/2022\/","title":{"rendered":"ANA SAYFA"},"content":{"rendered":"\n<p>\u0130\u00e7inde bulundu\u011fumuz ve \u00e7ok yak\u0131n zamanda hemen hemen hepimizi etkileyen pandemi s\u00fcrecinde bir kez daha anlam\u0131\u015f olduk ki bilim; g\u00fcn\u00fcm\u00fczde en \u00e7ok ba\u015fvurulan ve en \u00e7ok itibar edilen ger\u00e7ekliktir. Toplumlar\u0131n kalk\u0131nmas\u0131, devletlerin devam\u0131 bilimsel \u00e7al\u0131\u015fmalar\u0131n s\u00fcreklili\u011fi ile do\u011fru orant\u0131l\u0131d\u0131r. T\u00fcrk E\u011fitim Sen ortak akl\u0131, bilimsel ger\u00e7ekleri ve deneysel bilimi sendikal mecraya ta\u015f\u0131ma gayretinde olan bir sivil toplum kurulu\u015fudur. T\u00fcrk milletinin bilime, bilimsel faaliyetlere ve bilim adamlar\u0131na olan h\u00fcrmeti bu felsefenin k\u00f6klerinin ne kadar derinde oldu\u011funun a\u00e7\u0131k bir g\u00f6stergesi olmu\u015ftur. B\u00fct\u00fcn s\u00fcre\u00e7lerde ak\u0131l ve olgunlu\u011fu \u00f6n plana \u00e7\u0131karan T\u00fcrk E\u011fitim Sen sendikal \u00e7\u00f6z\u00fcmler \u00fcretmek, T\u00fcrk k\u00fclt\u00fcr\u00fcne, T\u00fcrk e\u011fitimine ve T\u00fcrk bilim hayat\u0131na katk\u0131lar sunmak amac\u0131yla bilimsel toplant\u0131lar d\u00fczenlemektedir.&nbsp;<\/p>\n\n\n\n<p>Bilimsel toplant\u0131lar, T\u00fcrk D\u00fcnyas\u0131n\u0131 olu\u015fturan \u00fclke ve topluluklar\u0131n demokratik birer millet olarak geli\u015fmeleri, reel egemenliklerinde art\u0131\u015f sa\u011flayabilmeleri ve d\u00fcnya bar\u0131\u015f\u0131na katk\u0131da bulunabilmelerinin ba\u015fl\u0131ca hamlesi bilgi toplumu do\u011frultusunda i\u015fbirli\u011fine dayal\u0131 at\u0131lacak ad\u0131mlar\u0131n ba\u015flang\u0131c\u0131 ya da meyvesi olarak kar\u015f\u0131m\u0131za \u00e7\u0131kmaktad\u0131r. T\u00fcrk D\u00fcnyas\u0131\u2019na ili\u015fkilerin politik, siyasi, ekonomik, askeri ve k\u00fclt\u00fcrel oldu\u011fu kadar bilimsel olarak da geli\u015ftirilmesi T\u00fcrk D\u00fcnyas\u0131\u2019n\u0131n gelece\u011fi ad\u0131na ihmal edilmemesi gereken bir davran\u0131\u015f olarak de\u011ferlendirilmelidir. Ara\u015ft\u0131rmac\u0131, akademisyen ve e\u011fitim \u00e7al\u0131\u015fanlar\u0131n\u0131n bir araya gelmesi uzun vadede k\u00fclt\u00fcrel kimlik ve milli ortakl\u0131klar\u0131m\u0131zdan yola \u00e7\u0131karak bilimsel birliktelik ile ta\u00e7land\u0131raca\u011f\u0131m\u0131z \u00e7al\u0131\u015fmalar hem T\u00fcrk milletinin hem de Avrasya co\u011frafyas\u0131n\u0131n kaderini belirleyecektir.<\/p>\n\n\n\n<p>Bu do\u011frultuda T\u00fcrk E\u011fitim-Sen ve UAESEB olarak; 2016 Y\u0131l\u0131n\u0131n UNESCO taraf\u0131ndan Hoca Ahmet Yesevi Y\u0131l\u0131 ilan edilmesi nedeniyle 1-4 Aral\u0131k 2016 tarihlerinde Uluslararas\u0131 T\u00fcrk D\u00fcnyas\u0131 E\u011fitim Bilimleri ve Sosyal Bilimler Kongresi\u2019ni d\u00fczenleyerek ba\u015flatm\u0131\u015f oldu\u011fumuz T\u00fcrk D\u00fcnyas\u0131\u2019na y\u00f6nelik uluslararas\u0131 kongreleri, 7-10 Aral\u0131k 2017 tarihleri aras\u0131nda Uluslararas\u0131 T\u00fcrk D\u00fcnyas\u0131 M\u00fchendislik ve Fen Bilimleri Kongresi, 6-9 Aral\u0131k 2018 tarihinde 2. Uluslararas\u0131 T\u00fcrk D\u00fcnyas\u0131 E\u011fitim Bilimleri ve Sosyal Bilimler Kongresini daha \u00f6nceki y\u0131llarda oldu\u011fu gibi farkl\u0131 alanlarda \u00e7al\u0131\u015fan yetkin bilim insanlar\u0131yla birlikte ger\u00e7ekle\u015ftirdik.&nbsp;<\/p>\n\n\n\n<p>7-10 Kas\u0131m 2019 tarihinde 2. Uluslararas\u0131 T\u00fcrk D\u00fcnyas\u0131 M\u00fchendislik ve Fen Bilimleri Kongresi, 2020 y\u0131l\u0131nda da \u201cBilge Tonyukuk Y\u0131l\u0131 An\u0131s\u0131na\u201d 3. Uluslararas\u0131 T\u00fcrk D\u00fcnyas\u0131 E\u011fitim Bilimleri ve Sosyal Bilimler Kongresi ile 22-24 Ekim 2021 tarihleri aras\u0131nda 3. Uluslararas\u0131 T\u00fcrk D\u00fcnyas\u0131 M\u00fchendislik ve Fen Bilimleri Kongresi\u2019ni maalesef i\u00e7inde bulundu\u011fumuz Covid-19 pandemisi nedeniyle \u00e7evrimi\u00e7i platformlar \u00fczerinden ger\u00e7ekle\u015ftirdik. Kongrelere genel olarak her y\u0131l 1000\u2019den fazla akademisyen, ara\u015ft\u0131rmac\u0131 ve e\u011fitim \u00e7al\u0131\u015fan\u0131n\u0131n kat\u0131lmas\u0131 ortalama 500\u2019den fazla bildirini sunulmas\u0131 ve ciltlerce yay\u0131n\u0131n ortaya \u00e7\u0131kmas\u0131, uluslararas\u0131 kat\u0131l\u0131mlar neticesinde Nobel \u00f6d\u00fcll\u00fc ara\u015ft\u0131rmac\u0131lar ile T\u00fcrk d\u00fcnyas\u0131 ara\u015ft\u0131rmac\u0131lar\u0131n\u0131n kayna\u015farak yeni proje ve fikir al\u0131\u015fveri\u015finde bulunmas\u0131 duyulan tevecc\u00fch\u00fcn a\u00e7\u0131k bir g\u00f6stergesi olmu\u015ftur.<\/p>\n\n\n\n<p>19 May\u0131s 1919\u2019da ba\u015flayan milli m\u00fccadele; 9 Eyl\u00fcl 1922\u2019de \u201cB\u00fcy\u00fck Zafer\u201dle neticelenmi\u015ftir. 2022 y\u0131l\u0131n\u0131n B\u00fcy\u00fck zaferin 100. Y\u0131l\u0131 olmas\u0131 bak\u0131m\u0131ndan son derece manidard\u0131r. Atat\u00fcrk\u2019\u00fcn ba\u015fkomutanl\u0131\u011f\u0131nda yap\u0131ld\u0131\u011f\u0131 i\u00e7in&nbsp;<strong>Ba\u015fkomutanl\u0131k Meydan Muharebesi<\/strong>&nbsp;ad\u0131yla da bilinen&nbsp;<strong>B\u00fcy\u00fck Taarruz<\/strong>\u2018un ba\u015far\u0131yla sonu\u00e7lanmas\u0131ndan sonra Yunan ordular\u0131 \u0130zmir\u2019e kadar takip edilmi\u015f;&nbsp;<strong>9 Eyl\u00fcl 1922\u2019de<\/strong>&nbsp;\u0130zmir\u2019in kurtar\u0131lmas\u0131yla T\u00fcrk topraklar\u0131 Yunan i\u015fgalinden kurtulmu\u015ftur. \u0130\u015fgal birliklerinin \u00fclke s\u0131n\u0131rlar\u0131n\u0131 terk etmesi 9 Eyl\u00fcl 1922 olarak kabul bulmaktad\u0131r. Tamamen \u00e7ekilmeleri s\u00fcrecin tamamlanmas\u0131 daha sonraki g\u00fcnlerde de devam etmi\u015ftir. Fakat biz T\u00fcrk milleti olarak, 30 A\u011fustos ve 9 Eyl\u00fcl tarihlerini bu konuda mihenkta\u015f\u0131 olarak kabul etmekteyiz. Bu bak\u0131mdan bu sene d\u00fczenleyece\u011fimiz 4. Uluslararas\u0131 T\u00fcrk D\u00fcnyas\u0131 E\u011fitim Bilimleri ve Sosyal Bilimler Kongresi\u2019ni bu zaferin an\u0131s\u0131na d\u00fczenleyerek T\u00fcrk ba\u011f\u0131ms\u0131zl\u0131k m\u00fccadelesini ve b\u00fcy\u00fck zaferi yad edip, g\u00fcndeme ta\u015f\u0131may\u0131 ama\u00e7lamaktay\u0131z. Bunun yan\u0131nda \u201cT\u00fcrk K\u00fclt\u00fcr\u00fc ve B\u00fcy\u00fck Zafer\u201d Sergisi ile de akademisyen ve ara\u015ft\u0131rmac\u0131lar\u0131n bu konuda eser ve koleksiyonlar\u0131n\u0131n sergilemesi imkan\u0131 da olacak bu kongrenin T\u00fcrk D\u00fcnyas\u0131na, T\u00fcrk k\u00fclt\u00fcr\u00fcne, e\u011fitimine ve bilim hayat\u0131na katk\u0131lar sunmas\u0131n\u0131 diliyoruz.<\/p>\n","protected":false},"excerpt":{"rendered":"<p>\u0130\u00e7inde bulundu\u011fumuz ve \u00e7ok yak\u0131n zamanda hemen hemen hepimizi etkileyen pandemi s\u00fcrecinde bir kez daha anlam\u0131\u015f olduk ki bilim; g\u00fcn\u00fcm\u00fczde en \u00e7ok ba\u015fvurulan ve en \u00e7ok itibar edilen ger\u00e7ekliktir. Toplumlar\u0131n kalk\u0131nmas\u0131, devletlerin devam\u0131 bilimsel \u00e7al\u0131\u015fmalar\u0131n s\u00fcreklili\u011fi ile do\u011fru orant\u0131l\u0131d\u0131r. T\u00fcrk E\u011fitim Sen ortak akl\u0131, bilimsel ger\u00e7ekleri ve deneysel bilimi sendikal mecraya ta\u015f\u0131ma gayretinde olan bir\u2026 <span class=\"read-more\"><a href=\"http:\/\/teskongre.org\/2022\/\">Read More &raquo;<\/a><\/span><\/p>\n","protected":false},"author":1,"featured_media":0,"parent":0,"menu_order":0,"comment_status":"closed","ping_status":"open","template":"","meta":{"footnotes":""},"class_list":["post-6","page","type-page","status-publish","hentry"],"_links":{"self":[{"href":"http:\/\/teskongre.org\/2022\/wp-json\/wp\/v2\/pages\/6","targetHints":{"allow":["GET"]}}],"collection":[{"href":"http:\/\/teskongre.org\/2022\/wp-json\/wp\/v2\/pages"}],"about":[{"href":"http:\/\/teskongre.org\/2022\/wp-json\/wp\/v2\/types\/page"}],"author":[{"embeddable":true,"href":"http:\/\/teskongre.org\/2022\/wp-json\/wp\/v2\/users\/1"}],"replies":[{"embeddable":true,"href":"http:\/\/teskongre.org\/2022\/wp-json\/wp\/v2\/comments?post=6"}],"version-history":[{"count":13,"href":"http:\/\/teskongre.org\/2022\/wp-json\/wp\/v2\/pages\/6\/revisions"}],"predecessor-version":[{"id":613,"href":"http:\/\/teskongre.org\/2022\/wp-json\/wp\/v2\/pages\/6\/revisions\/613"}],"wp:attachment":[{"href":"http:\/\/teskongre.org\/2022\/wp-json\/wp\/v2\/media?parent=6"}],"curies":[{"name":"wp","href":"https:\/\/api.w.org\/{rel}","templated":true}]}}